{"id":6312,"date":"2022-12-03T18:24:39","date_gmt":"2022-12-03T17:24:39","guid":{"rendered":"https:\/\/d-onatools.es\/?post_type=product&#038;p=6312"},"modified":"2022-12-03T18:47:48","modified_gmt":"2022-12-03T17:47:48","slug":"lucy-struncova-silkscreen-set-12-copia-copia-copia","status":"publish","type":"product","link":"https:\/\/d-onatools.es\/en\/producto\/lucy-struncova-silkscreen-set-12-copia-copia-copia\/","title":{"rendered":"Lucy \u0160truncov\u00e1 Silkscreen Set &#8211; Astrid Wilk"},"content":{"rendered":"<p>Set of five screen printing stencils designed by Astrid Wilk, made of high quality materials for perfect printing on polymer clay.<\/p>\n<p>Each set includes five 10 x 11 cm silkscreen prints, a plastic card and a printed tutorial with inspiration.<\/p>\n<p><strong>&#8220;I am super proud and happy to have been able to design a botanical silkscreen set for Polymer Week. Working together is always so much fun and Lucy&#8217;s quality and sense of detail is great. All the motifs are based on my plant drawings and give you countless combinations and layering options to achieve the true urban jungle feel in your creations.&#8221;<\/strong><\/p>\n<p><strong>Astrid Wilk<\/strong><\/p>\n","protected":false},"excerpt":{"rendered":"<p>Set of three screen printing templates designed by Lucy \u0160truncov\u00e1, made with high quality materials for a perfect print on polymer clay.<\/p>\n<p>Each set includes three screen prints<br \/>\n10 x 11 cm, a plastic card and a printed tutorial with inspiration.<\/p>\n","protected":false},"featured_media":6314,"template":"","meta":{"site-sidebar-layout":"default","site-content-layout":"default","ast-site-content-layout":"default","site-content-style":"default","site-sidebar-style":"default","ast-global-header-display":"","ast-banner-title-visibility":"","ast-main-header-display":"","ast-hfb-above-header-display":"","ast-hfb-below-header-display":"","ast-hfb-mobile-header-display":"","site-post-title":"","ast-breadcrumbs-content":"","ast-featured-img":"","footer-sml-layout":"","ast-disable-related-posts":"","theme-transparent-header-meta":"default","adv-header-id-meta":"","stick-header-meta":"","header-above-stick-meta":"","header-main-stick-meta":"","header-below-stick-meta":"","astra-migrate-meta-layouts":"default","ast-page-background-enabled":"default","ast-page-background-meta":{"desktop":{"background-color":"","background-image":"","background-repeat":"repeat","background-position":"center center","background-size":"auto","background-attachment":"scroll","background-type":"","background-media":"","overlay-type":"","overlay-color":"","overlay-opacity":"","overlay-gradient":""},"tablet":{"background-color":"","background-image":"","background-repeat":"repeat","background-position":"center center","background-size":"auto","background-attachment":"scroll","background-type":"","background-media":"","overlay-type":"","overlay-color":"","overlay-opacity":"","overlay-gradient":""},"mobile":{"background-color":"","background-image":"","background-repeat":"repeat","background-position":"center center","background-size":"auto","background-attachment":"scroll","background-type":"","background-media":"","overlay-type":"","overlay-color":"","overlay-opacity":"","overlay-gradient":""}},"ast-content-background-meta":{"desktop":{"background-color":"var(--ast-global-color-5)","background-image":"","background-repeat":"repeat","background-position":"center center","background-size":"auto","background-attachment":"scroll","background-type":"","background-media":"","overlay-type":"","overlay-color":"","overlay-opacity":"","overlay-gradient":""},"tablet":{"background-color":"var(--ast-global-color-5)","background-image":"","background-repeat":"repeat","background-position":"center center","background-size":"auto","background-attachment":"scroll","background-type":"","background-media":"","overlay-type":"","overlay-color":"","overlay-opacity":"","overlay-gradient":""},"mobile":{"background-color":"var(--ast-global-color-5)","background-image":"","background-repeat":"repeat","background-position":"center center","background-size":"auto","background-attachment":"scroll","background-type":"","background-media":"","overlay-type":"","overlay-color":"","overlay-opacity":"","overlay-gradient":""}}},"product_brand":[],"product_cat":[175,184],"product_tag":[],"class_list":{"0":"post-6312","1":"product","2":"type-product","3":"status-publish","4":"has-post-thumbnail","6":"product_cat-general-en","7":"product_cat-silk-screens-en","8":"desktop-align-left","9":"tablet-align-left","10":"mobile-align-left","12":"first","13":"instock","14":"taxable","15":"shipping-taxable","16":"purchasable","17":"product-type-simple"},"yoast_head":"<!-- This site is optimized with the Yoast SEO plugin v27.3 - https:\/\/yoast.com\/product\/yoast-seo-wordpress\/ -->\n<title>Lucy \u0160truncov\u00e1 Silkscreen Set - Astrid Wilk - D-Ona Tools<\/title>\n<meta name=\"robots\" content=\"index, follow, max-snippet:-1, max-image-preview:large, max-video-preview:-1\" \/>\n<link rel=\"canonical\" href=\"https:\/\/d-onatools.es\/en\/producto\/lucy-struncova-silkscreen-set-12-copia-copia-copia\/\" \/>\n<meta property=\"og:locale\" content=\"en_US\" \/>\n<meta property=\"og:type\" content=\"article\" \/>\n<meta property=\"og:title\" content=\"Lucy \u0160truncov\u00e1 Silkscreen Set - Astrid Wilk - D-Ona Tools\" \/>\n<meta property=\"og:description\" content=\"Set of three screen printing templates designed by Lucy \u0160truncov\u00e1, made with high quality materials for a perfect print on polymer clay.  Each set includes three screen prints 10 x 11 cm, a plastic card and a printed tutorial with inspiration.\" \/>\n<meta property=\"og:url\" content=\"https:\/\/d-onatools.es\/en\/producto\/lucy-struncova-silkscreen-set-12-copia-copia-copia\/\" \/>\n<meta property=\"og:site_name\" content=\"D-Ona Tools\" \/>\n<meta property=\"article:modified_time\" content=\"2022-12-03T17:47:48+00:00\" \/>\n<meta property=\"og:image\" content=\"https:\/\/d-onatools.es\/wp-content\/uploads\/2022\/12\/astrid-scaled.jpg\" \/>\n\t<meta property=\"og:image:width\" content=\"2560\" \/>\n\t<meta property=\"og:image:height\" content=\"2560\" \/>\n\t<meta property=\"og:image:type\" content=\"image\/jpeg\" \/>\n<meta name=\"twitter:card\" content=\"summary_large_image\" \/>\n<meta name=\"twitter:label1\" content=\"Est. reading time\" \/>\n\t<meta name=\"twitter:data1\" content=\"1 minute\" \/>\n<script type=\"application\/ld+json\" class=\"yoast-schema-graph\">{\"@context\":\"https:\\\/\\\/schema.org\",\"@graph\":[{\"@type\":\"WebPage\",\"@id\":\"https:\\\/\\\/d-onatools.es\\\/en\\\/producto\\\/lucy-struncova-silkscreen-set-12-copia-copia-copia\\\/\",\"url\":\"https:\\\/\\\/d-onatools.es\\\/en\\\/producto\\\/lucy-struncova-silkscreen-set-12-copia-copia-copia\\\/\",\"name\":\"Lucy \u0160truncov\u00e1 Silkscreen Set - Astrid Wilk - D-Ona Tools\",\"isPartOf\":{\"@id\":\"https:\\\/\\\/d-onatools.es\\\/en\\\/#website\"},\"primaryImageOfPage\":{\"@id\":\"https:\\\/\\\/d-onatools.es\\\/en\\\/producto\\\/lucy-struncova-silkscreen-set-12-copia-copia-copia\\\/#primaryimage\"},\"image\":{\"@id\":\"https:\\\/\\\/d-onatools.es\\\/en\\\/producto\\\/lucy-struncova-silkscreen-set-12-copia-copia-copia\\\/#primaryimage\"},\"thumbnailUrl\":\"https:\\\/\\\/d-onatools.es\\\/wp-content\\\/uploads\\\/2022\\\/12\\\/astrid-scaled.jpg\",\"datePublished\":\"2022-12-03T17:24:39+00:00\",\"dateModified\":\"2022-12-03T17:47:48+00:00\",\"breadcrumb\":{\"@id\":\"https:\\\/\\\/d-onatools.es\\\/en\\\/producto\\\/lucy-struncova-silkscreen-set-12-copia-copia-copia\\\/#breadcrumb\"},\"inLanguage\":\"en-US\",\"potentialAction\":[{\"@type\":\"ReadAction\",\"target\":[\"https:\\\/\\\/d-onatools.es\\\/en\\\/producto\\\/lucy-struncova-silkscreen-set-12-copia-copia-copia\\\/\"]}]},{\"@type\":\"ImageObject\",\"inLanguage\":\"en-US\",\"@id\":\"https:\\\/\\\/d-onatools.es\\\/en\\\/producto\\\/lucy-struncova-silkscreen-set-12-copia-copia-copia\\\/#primaryimage\",\"url\":\"https:\\\/\\\/d-onatools.es\\\/wp-content\\\/uploads\\\/2022\\\/12\\\/astrid-scaled.jpg\",\"contentUrl\":\"https:\\\/\\\/d-onatools.es\\\/wp-content\\\/uploads\\\/2022\\\/12\\\/astrid-scaled.jpg\",\"width\":2560,\"height\":2560},{\"@type\":\"BreadcrumbList\",\"@id\":\"https:\\\/\\\/d-onatools.es\\\/en\\\/producto\\\/lucy-struncova-silkscreen-set-12-copia-copia-copia\\\/#breadcrumb\",\"itemListElement\":[{\"@type\":\"ListItem\",\"position\":1,\"name\":\"Home\",\"item\":\"https:\\\/\\\/d-onatools.es\\\/en\\\/\"},{\"@type\":\"ListItem\",\"position\":2,\"name\":\"Shop\",\"item\":\"https:\\\/\\\/d-onatools.es\\\/en\\\/shop\\\/\"},{\"@type\":\"ListItem\",\"position\":3,\"name\":\"Lucy \u0160truncov\u00e1 Silkscreen Set &#8211; Astrid Wilk\"}]},{\"@type\":\"WebSite\",\"@id\":\"https:\\\/\\\/d-onatools.es\\\/en\\\/#website\",\"url\":\"https:\\\/\\\/d-onatools.es\\\/en\\\/\",\"name\":\"D-Ona Tools\",\"description\":\"Cutters, textures and silk screens\",\"publisher\":{\"@id\":\"https:\\\/\\\/d-onatools.es\\\/en\\\/#organization\"},\"potentialAction\":[{\"@type\":\"SearchAction\",\"target\":{\"@type\":\"EntryPoint\",\"urlTemplate\":\"https:\\\/\\\/d-onatools.es\\\/en\\\/?s={search_term_string}\"},\"query-input\":{\"@type\":\"PropertyValueSpecification\",\"valueRequired\":true,\"valueName\":\"search_term_string\"}}],\"inLanguage\":\"en-US\"},{\"@type\":\"Organization\",\"@id\":\"https:\\\/\\\/d-onatools.es\\\/en\\\/#organization\",\"name\":\"D-Ona Tools\",\"url\":\"https:\\\/\\\/d-onatools.es\\\/en\\\/\",\"logo\":{\"@type\":\"ImageObject\",\"inLanguage\":\"en-US\",\"@id\":\"https:\\\/\\\/d-onatools.es\\\/en\\\/#\\\/schema\\\/logo\\\/image\\\/\",\"url\":\"https:\\\/\\\/d-onatools.es\\\/wp-content\\\/uploads\\\/2021\\\/09\\\/cropped-cropped-Logo_donatools-1.png\",\"contentUrl\":\"https:\\\/\\\/d-onatools.es\\\/wp-content\\\/uploads\\\/2021\\\/09\\\/cropped-cropped-Logo_donatools-1.png\",\"width\":681,\"height\":711,\"caption\":\"D-Ona Tools\"},\"image\":{\"@id\":\"https:\\\/\\\/d-onatools.es\\\/en\\\/#\\\/schema\\\/logo\\\/image\\\/\"}}]}<\/script>\n<!-- \/ Yoast SEO plugin. -->","yoast_head_json":{"title":"Lucy \u0160truncov\u00e1 Silkscreen Set - Astrid Wilk - D-Ona Tools","robots":{"index":"index","follow":"follow","max-snippet":"max-snippet:-1","max-image-preview":"max-image-preview:large","max-video-preview":"max-video-preview:-1"},"canonical":"https:\/\/d-onatools.es\/en\/producto\/lucy-struncova-silkscreen-set-12-copia-copia-copia\/","og_locale":"en_US","og_type":"article","og_title":"Lucy \u0160truncov\u00e1 Silkscreen Set - Astrid Wilk - D-Ona Tools","og_description":"Set of three screen printing templates designed by Lucy \u0160truncov\u00e1, made with high quality materials for a perfect print on polymer clay.  Each set includes three screen prints 10 x 11 cm, a plastic card and a printed tutorial with inspiration.","og_url":"https:\/\/d-onatools.es\/en\/producto\/lucy-struncova-silkscreen-set-12-copia-copia-copia\/","og_site_name":"D-Ona Tools","article_modified_time":"2022-12-03T17:47:48+00:00","og_image":[{"width":2560,"height":2560,"url":"https:\/\/d-onatools.es\/wp-content\/uploads\/2022\/12\/astrid-scaled.jpg","type":"image\/jpeg"}],"twitter_card":"summary_large_image","twitter_misc":{"Est. reading time":"1 minute"},"schema":{"@context":"https:\/\/schema.org","@graph":[{"@type":"WebPage","@id":"https:\/\/d-onatools.es\/en\/producto\/lucy-struncova-silkscreen-set-12-copia-copia-copia\/","url":"https:\/\/d-onatools.es\/en\/producto\/lucy-struncova-silkscreen-set-12-copia-copia-copia\/","name":"Lucy \u0160truncov\u00e1 Silkscreen Set - Astrid Wilk - D-Ona Tools","isPartOf":{"@id":"https:\/\/d-onatools.es\/en\/#website"},"primaryImageOfPage":{"@id":"https:\/\/d-onatools.es\/en\/producto\/lucy-struncova-silkscreen-set-12-copia-copia-copia\/#primaryimage"},"image":{"@id":"https:\/\/d-onatools.es\/en\/producto\/lucy-struncova-silkscreen-set-12-copia-copia-copia\/#primaryimage"},"thumbnailUrl":"https:\/\/d-onatools.es\/wp-content\/uploads\/2022\/12\/astrid-scaled.jpg","datePublished":"2022-12-03T17:24:39+00:00","dateModified":"2022-12-03T17:47:48+00:00","breadcrumb":{"@id":"https:\/\/d-onatools.es\/en\/producto\/lucy-struncova-silkscreen-set-12-copia-copia-copia\/#breadcrumb"},"inLanguage":"en-US","potentialAction":[{"@type":"ReadAction","target":["https:\/\/d-onatools.es\/en\/producto\/lucy-struncova-silkscreen-set-12-copia-copia-copia\/"]}]},{"@type":"ImageObject","inLanguage":"en-US","@id":"https:\/\/d-onatools.es\/en\/producto\/lucy-struncova-silkscreen-set-12-copia-copia-copia\/#primaryimage","url":"https:\/\/d-onatools.es\/wp-content\/uploads\/2022\/12\/astrid-scaled.jpg","contentUrl":"https:\/\/d-onatools.es\/wp-content\/uploads\/2022\/12\/astrid-scaled.jpg","width":2560,"height":2560},{"@type":"BreadcrumbList","@id":"https:\/\/d-onatools.es\/en\/producto\/lucy-struncova-silkscreen-set-12-copia-copia-copia\/#breadcrumb","itemListElement":[{"@type":"ListItem","position":1,"name":"Home","item":"https:\/\/d-onatools.es\/en\/"},{"@type":"ListItem","position":2,"name":"Shop","item":"https:\/\/d-onatools.es\/en\/shop\/"},{"@type":"ListItem","position":3,"name":"Lucy \u0160truncov\u00e1 Silkscreen Set &#8211; Astrid Wilk"}]},{"@type":"WebSite","@id":"https:\/\/d-onatools.es\/en\/#website","url":"https:\/\/d-onatools.es\/en\/","name":"D-Ona Tools","description":"Cutters, textures and silk screens","publisher":{"@id":"https:\/\/d-onatools.es\/en\/#organization"},"potentialAction":[{"@type":"SearchAction","target":{"@type":"EntryPoint","urlTemplate":"https:\/\/d-onatools.es\/en\/?s={search_term_string}"},"query-input":{"@type":"PropertyValueSpecification","valueRequired":true,"valueName":"search_term_string"}}],"inLanguage":"en-US"},{"@type":"Organization","@id":"https:\/\/d-onatools.es\/en\/#organization","name":"D-Ona Tools","url":"https:\/\/d-onatools.es\/en\/","logo":{"@type":"ImageObject","inLanguage":"en-US","@id":"https:\/\/d-onatools.es\/en\/#\/schema\/logo\/image\/","url":"https:\/\/d-onatools.es\/wp-content\/uploads\/2021\/09\/cropped-cropped-Logo_donatools-1.png","contentUrl":"https:\/\/d-onatools.es\/wp-content\/uploads\/2021\/09\/cropped-cropped-Logo_donatools-1.png","width":681,"height":711,"caption":"D-Ona Tools"},"image":{"@id":"https:\/\/d-onatools.es\/en\/#\/schema\/logo\/image\/"}}]}},"_links":{"self":[{"href":"https:\/\/d-onatools.es\/en\/wp-json\/wp\/v2\/product\/6312","targetHints":{"allow":["GET"]}}],"collection":[{"href":"https:\/\/d-onatools.es\/en\/wp-json\/wp\/v2\/product"}],"about":[{"href":"https:\/\/d-onatools.es\/en\/wp-json\/wp\/v2\/types\/product"}],"wp:featuredmedia":[{"embeddable":true,"href":"https:\/\/d-onatools.es\/en\/wp-json\/wp\/v2\/media\/6314"}],"wp:attachment":[{"href":"https:\/\/d-onatools.es\/en\/wp-json\/wp\/v2\/media?parent=6312"}],"wp:term":[{"taxonomy":"product_brand","embeddable":true,"href":"https:\/\/d-onatools.es\/en\/wp-json\/wp\/v2\/product_brand?post=6312"},{"taxonomy":"product_cat","embeddable":true,"href":"https:\/\/d-onatools.es\/en\/wp-json\/wp\/v2\/product_cat?post=6312"},{"taxonomy":"product_tag","embeddable":true,"href":"https:\/\/d-onatools.es\/en\/wp-json\/wp\/v2\/product_tag?post=6312"}],"curies":[{"name":"wp","href":"https:\/\/api.w.org\/{rel}","templated":true}]}}